{"id":1879,"date":"2022-07-08T09:46:53","date_gmt":"2022-07-08T07:46:53","guid":{"rendered":"https:\/\/acslfm.org\/?page_id=1879\/"},"modified":"2025-07-04T16:29:18","modified_gmt":"2025-07-04T14:29:18","slug":"regime-disciplinaire","status":"publish","type":"page","link":"https:\/\/acslfm.org\/fr\/sobre-nosotros\/regime-disciplinaire\/","title":{"rendered":"R\u00e9gime disciplinaire"},"content":{"rendered":"<p>[et_pb_section fb_built=\u00a0\u00bb1&Prime; admin_label=\u00a0\u00bbsection\u00a0\u00bb _builder_version=\u00a0\u00bb4.16&Prime; global_colors_info=\u00a0\u00bb{}\u00a0\u00bb][et_pb_row _builder_version=\u00a0\u00bb4.16&Prime; background_size=\u00a0\u00bbinitial\u00a0\u00bb background_position=\u00a0\u00bbtop_left\u00a0\u00bb background_repeat=\u00a0\u00bbrepeat\u00a0\u00bb custom_margin=\u00a0\u00bb0px|||\u00a0\u00bb custom_margin_tablet=\u00a0\u00bb\u00a0\u00bb custom_margin_phone=\u00a0\u00bb\u00a0\u00bb custom_margin_last_edited=\u00a0\u00bbon|phone\u00a0\u00bb make_fullwidth=\u00a0\u00bboff\u00a0\u00bb use_custom_width=\u00a0\u00bboff\u00a0\u00bb width_unit=\u00a0\u00bbon\u00a0\u00bb global_colors_info=\u00a0\u00bb{}\u00a0\u00bb][et_pb_column type=\u00a0\u00bb4_4&Prime; _builder_version=\u00a0\u00bb4.16&Prime; custom_padding=\u00a0\u00bb|||\u00a0\u00bb global_colors_info=\u00a0\u00bb{}\u00a0\u00bb custom_padding__hover=\u00a0\u00bb|||\u00a0\u00bb][et_pb_text _builder_version=\u00a0\u00bb4.27.4&Prime; background_size=\u00a0\u00bbinitial\u00a0\u00bb background_position=\u00a0\u00bbtop_left\u00a0\u00bb background_repeat=\u00a0\u00bbrepeat\u00a0\u00bb hover_enabled=\u00a0\u00bb0&Prime; border_style=\u00a0\u00bbsolid\u00a0\u00bb saved_tabs=\u00a0\u00bball\u00a0\u00bb global_colors_info=\u00a0\u00bb{}\u00a0\u00bb sticky_enabled=\u00a0\u00bb0&Prime;]<\/p>\n<h1>R\u00e9gime Disciplinaire<\/h1>\n<h2><span style=\"color: #3ca8eb;\">Normes de comportement pour nos \u00e9l\u00e8ves.<\/span><\/h2>\n<h3>l\u2019ACS doit se doter de r\u00e8gles pour permettre un bon environnement\u00a0 de travail et faciliter la cohabitation entre les membres de\u00a0 l\u2019Association<\/h3>\n<p>[\/et_pb_text][\/et_pb_column][\/et_pb_row][et_pb_row column_structure=\u00a0\u00bb3_4,1_4&Prime; _builder_version=\u00a0\u00bb4.16&Prime; background_size=\u00a0\u00bbinitial\u00a0\u00bb background_position=\u00a0\u00bbtop_left\u00a0\u00bb background_repeat=\u00a0\u00bbrepeat\u00a0\u00bb global_colors_info=\u00a0\u00bb{}\u00a0\u00bb][et_pb_column type=\u00a0\u00bb3_4&Prime; _builder_version=\u00a0\u00bb4.16&Prime; custom_padding=\u00a0\u00bb|||\u00a0\u00bb global_colors_info=\u00a0\u00bb{}\u00a0\u00bb custom_padding__hover=\u00a0\u00bb|||\u00a0\u00bb][et_pb_text _builder_version=\u00a0\u00bb4.27.4&Prime; hover_enabled=\u00a0\u00bb0&Prime; border_style=\u00a0\u00bbsolid\u00a0\u00bb global_colors_info=\u00a0\u00bb{}\u00a0\u00bb sticky_enabled=\u00a0\u00bb0&Prime;]<\/p>\n<p><strong><u>ART\u00cdCULO I<\/u><\/strong><strong>.\u00a0\u00a0<\/strong>OBJETO<\/p>\n<p>El presente r\u00e9gimen disciplinario tiene por objeto velar por la organizaci\u00f3n y funcionamiento de las actividades ACS dentro del marco construido por la legislaci\u00f3n vigente y con sujeci\u00f3n plena a lo establecido en sus estatutos y en la normativa del Liceo Franc\u00e9s de Madrid.<\/p>\n<p>Por ello, todas las normas, sanciones y actuaciones emanadas del presente, s\u00f3lo tienen como finalidad contribuir a la adecuada formaci\u00f3n de la personalidad y valores humanos de todos y cada uno de los part\u00edcipes en las actividades ACS, a trav\u00e9s del deporte \u00a0o actividad que han escogido.<\/p>\n<p>&nbsp;<\/p>\n<p><strong><u>ART\u00cdCULO II<\/u><\/strong>. \u00c1MBITO DE APLICACI\u00d3N<\/p>\n<p>El presente Reglamento ser\u00e1 de aplicaci\u00f3n a todos los socios de la ACS que participen en alguna de sus actividades deportivas o culturales.<\/p>\n<p>&nbsp;<\/p>\n<p><strong><u>ARTICULO III.<\/u><\/strong> \u00a0 FALTAS<\/p>\n<p><strong>3.1<\/strong> Las faltas podr\u00e1n ser:<\/p>\n<p>\u2013\u00a0\u00a0\u00a0\u00a0\u00a0\u00a0\u00a0\u00a0 leves<\/p>\n<p>\u2013\u00a0\u00a0\u00a0\u00a0\u00a0\u00a0\u00a0\u00a0 graves<\/p>\n<p>\u2013\u00a0\u00a0\u00a0\u00a0\u00a0\u00a0\u00a0\u00a0 muy graves<\/p>\n<p><strong>3.2<\/strong> Son faltas leves:<\/p>\n<ol>\n<li>Una falta de asistencia sin justificar.<\/li>\n<li>Cualquier falta de puntualidad sin justificar.<\/li>\n<li>La actitud pasiva o indisciplinada en la actividad o en las competiciones en las que se participe.<\/li>\n<li>El uso, durante la actividad, de m\u00f3viles, dispositivos electr\u00f3nicos o cualquier objeto que no sea de los propios de la actividad.<\/li>\n<li>Cualquier acto injustificado que altere levemente el normal desarrollo de la actividad.<\/li>\n<li>La falta de respeto, actos de indisciplina, injuria ofensa, no graves, a los compa\u00f1eros, monitores o entrenadores que se lleven a cabo durante la actividad<\/li>\n<\/ol>\n<p><strong>3.3<\/strong> Son faltas graves:<\/p>\n<ol>\n<li>Dos faltas de asistencia sin justificar.<\/li>\n<li>M\u00e1s de tres faltas de puntualidad sin justificar.<\/li>\n<li>La reiterada y continua falta de respeto hac\u00eda los compa\u00f1eros, entrenadores o monitores, as\u00ed como cualquier comportamiento incorrecto y falta de respeto de car\u00e1cter grave que se lleven a cabo durante el desarrollo de la actividad.<\/li>\n<li>Los actos de indisciplina, injuria u ofensa grave a los compa\u00f1eros, monitores o entrenadores que se lleven a cabo durante la actividad.<\/li>\n<li>Los da\u00f1os causados en las instalaciones o el material puesto a disposici\u00f3n del part\u00edcipe en cualquier actividad.<\/li>\n<li>Los actos injustificados que alteren gravemente el normal desarrollo de la actividad.<\/li>\n<li>La reiteraci\u00f3n, en el mismo trimestre acad\u00e9mico, de tres o m\u00e1s faltas leves.<\/li>\n<li>El incumplimiento de la sanci\u00f3n impuesta por la comisi\u00f3n de una falta leve.<\/li>\n<\/ol>\n<p><strong>3.4<\/strong> Son faltas muy graves:<\/p>\n<ol>\n<li>Los actos de indisciplina, injuria u ofensa muy grave a los compa\u00f1eros, monitores o entrenadores que se lleven a cabo durante la actividad.<\/li>\n<li>El acoso f\u00edsico o moral a cualquier participante de la actividad.<\/li>\n<li>La agresi\u00f3n f\u00edsica a cualquier part\u00edcipe de la actividad, as\u00ed como a \u00e1rbitros, espectadores, o cualquier tercero durante el desarrollo de la actividad o cualquier evento o competici\u00f3n.<\/li>\n<li>La discriminaci\u00f3n, las vejaciones o las humillaciones a cualquier miembro de la comunidad educativa, ya sean por raz\u00f3n de nacimiento, raza, sexo, religi\u00f3n, orientaci\u00f3n sexual, opini\u00f3n o cualquier otra condici\u00f3n o circunstancia personal o social.<\/li>\n<li>La grabaci\u00f3n, publicidad o difusi\u00f3n, a trav\u00e9s de cualquier medio o soporte, de agresiones o humillaciones, f\u00edsicas o verbales.<\/li>\n<li>Los da\u00f1os graves causados intencionadamente o por uso indebido del material proporcionado, tanto en el material, como en las instalaciones, as\u00ed como en las pertenencias de cualquier part\u00edcipe en la actividad o de un tercero.<\/li>\n<li>El uso, consumo, incitaci\u00f3n al uso\/consumo, introducci\u00f3n o tenencia, en las instalaciones donde se desarrolle la actividad o durante la misma de objetos o sustancias potencialmente perjudiciales para la salud o peligrosas para la integridad f\u00edsica.<\/li>\n<li>La reiteraci\u00f3n en el mismo trimestre de tres o m\u00e1s faltas graves.<\/li>\n<li>El incumplimiento de la sanci\u00f3n impuesta por la comisi\u00f3n de una falta grave.<\/li>\n<\/ol>\n<p>&nbsp;<\/p>\n<p><strong><u>ART\u00cdCULO IV.<\/u><\/strong>\u00a0SANCIONES<\/p>\n<p>Por la comisi\u00f3n de las faltas enumeradas se impondr\u00e1n las siguientes sanciones:<\/p>\n<p><strong>4.1<\/strong>\u00a0<u>Por faltas leves<\/u>\u00a0se podr\u00e1 imponer alguna de las siguientes sanciones atendiendo a las circunstancias de cada caso:<\/p>\n<ol>\n<li>a) Amonestaci\u00f3n privada<\/li>\n<li>b) Amonestaci\u00f3n escrita y que ser\u00e1 comunicada a los padres.<\/li>\n<li>c) Suspensi\u00f3n de la participaci\u00f3n del alumno en la actividad durante la jornada en la que se cometa la falta.<\/li>\n<li>d) Suspensi\u00f3n de la asistencia a la actividad por un tiempo no superior a 1 d\u00eda.<\/li>\n<\/ol>\n<p>Si la falta leve cometida fuere el uso, durante la actividad, de m\u00f3viles, dispositivos electr\u00f3nicos o cualquier objeto que no sea de los propios de la actividad, el monitor o la persona responsable, podr\u00e1, adem\u00e1s, solicitar al part\u00edcipe que deposite el objeto en cuesti\u00f3n en un lugar fuera de su alcance y que impida su uso, hasta la finalizaci\u00f3n de la actividad, ese d\u00eda. La negativa a acatar esa instrucci\u00f3n del monitor o responsable, ser\u00e1 considerada una falta grave.<\/p>\n<p>&nbsp;<\/p>\n<p><strong>4.2<\/strong>\u00a0<u>Por faltas graves<\/u>:<\/p>\n<ol>\n<li>a) Suspensi\u00f3n de asistencia a la actividad por un periodo de tiempo no superior a 3 d\u00edas, ni inferior a 1 d\u00eda.<\/li>\n<\/ol>\n<p>&nbsp;<\/p>\n<p><strong>4.3<\/strong>\u00a0<u>Por faltas muy graves:<\/u><\/p>\n<ol>\n<li>a) Suspensi\u00f3n de asistencia a la actividad por un periodo de tiempo no superior a 6 D\u00edas, ni inferior a 3 d\u00edas.<\/li>\n<li>b) Expulsi\u00f3n de la actividad.<\/li>\n<\/ol>\n<p>La Junta Directiva de la ACS podr\u00e1 acordar la readmisi\u00f3n del part\u00edcipe previa petici\u00f3n y comprobaci\u00f3n de un cambio positivo de actitud.<\/p>\n<p>&nbsp;<\/p>\n<p><strong><u>ART\u00cdCULO V.<\/u><\/strong>\u00a0COMPETENCIA PARA LA IMPOSICI\u00d3N DE SANCIONES<\/p>\n<p><strong>5.1<\/strong> El monitor de la actividad, por delegaci\u00f3n de la Junta Directiva, ser\u00e1 el encargado de establecer las sanciones para las faltas clasificadas como leves, dando cuenta de ello al presidente de la Junta Directiva, quien informar\u00e1 posteriormente a la Junta Directiva en la primera reuni\u00f3n que esta celebre.<\/p>\n<p><strong>5.2<\/strong> En el caso de faltas graves y muy graves, el presidente de la junta Directiva designar\u00e1 entre sus miembros a un instructor que abra expediente, formular\u00e1 pliego de cargos al presunto infractor, dar\u00e1 audiencia a \u00e9ste, a sus padres o representantes legales, y al monitor o coordinar de la actividad donde se hubiese cometido y a cuantas personas a su juicio, puedan aportar datos de inter\u00e9s ya que finalmente, elevar\u00e1 informe sobre dicho expediente a la Junta Directiva.<\/p>\n<p>Posteriormente, se dar\u00e1 audiencia al presunto infractor y, si es menor de edad, a sus padres o tutores, comunic\u00e1ndoles las faltas que se le imputan y la propuesta de sanci\u00f3n acordada por escrito.<\/p>\n<p>El plazo de instrucci\u00f3n del expediente no podr\u00e1 exceder de siete d\u00edas h\u00e1biles.<\/p>\n<p>La Junta Directiva, podr\u00e1 decidir el archivo y sobreseimiento del expediente sancionador cuando concurran circunstancias que as\u00ed lo aconsejen.<\/p>\n<p>En el momento de decidir la resoluci\u00f3n del expediente disciplinario, y a los efectos de graduar la aplicaci\u00f3n de las sanciones que proceden, se tendr\u00e1n en cuenta las circunstancias personales, familiares y sociales del presunto infractor.<\/p>\n<p>La instrucci\u00f3n del expediente deber\u00e1 acordarse en el menor plazo posible y en todo caso no superar los diez d\u00edas, desde que se tuviera conocimiento de la falta<\/p>\n<p>La resoluci\u00f3n del expediente deber\u00e1 producirse en el plazo m\u00e1ximo de un mes desde la fecha de iniciaci\u00f3n del mismo.<\/p>\n<p><strong>5.3<\/strong> Las faltas graves prescribir\u00e1n a los quince d\u00edas desde su comisi\u00f3n o, en caso de ocultaci\u00f3n, desde que se tuvo conocimiento de la misma.<\/p>\n<p>Las faltas muy graves prescribir\u00e1n a los sesenta d\u00edas desde su comisi\u00f3n o, en caso de ocultaci\u00f3n, desde que se tuvo conocimiento de la misma.<\/p>\n<p>[\/et_pb_text][\/et_pb_column][et_pb_column type=\u00a0\u00bb1_4&Prime; _builder_version=\u00a0\u00bb4.16&Prime; custom_padding=\u00a0\u00bb|||\u00a0\u00bb global_colors_info=\u00a0\u00bb{}\u00a0\u00bb custom_padding__hover=\u00a0\u00bb|||\u00a0\u00bb][\/et_pb_column][\/et_pb_row][\/et_pb_section]<\/p>\n","protected":false},"excerpt":{"rendered":"<p>R\u00e9gime Disciplinaire Normes de comportement pour nos \u00e9l\u00e8ves. l\u2019ACS doit se doter de r\u00e8gles pour permettre un bon environnement\u00a0 de travail et faciliter la cohabitation entre les membres de\u00a0 l\u2019AssociationART\u00cdCULO I.\u00a0\u00a0OBJETO El presente r\u00e9gimen disciplinario tiene por objeto velar por la organizaci\u00f3n y funcionamiento de las actividades ACS dentro del marco construido por la legislaci\u00f3n [&hellip;]<\/p>\n","protected":false},"author":1582,"featured_media":0,"parent":1711,"menu_order":0,"comment_status":"closed","ping_status":"closed","template":"","meta":{"_et_pb_use_builder":"on","_et_pb_old_content":"","_et_gb_content_width":"","footnotes":""},"class_list":["post-1879","page","type-page","status-publish","hentry"],"yoast_head":"<!-- This site is optimized with the Yoast SEO plugin v26.4 - https:\/\/yoast.com\/wordpress\/plugins\/seo\/ -->\n<title>R\u00e9gime disciplinaire - ACS Liceo<\/title>\n<meta name=\"description\" content=\"Normes de comportement des \u00e9l\u00e8ves de nos activit\u00e9s p\u00e9ri-scolaires.\" \/>\n<meta name=\"robots\" content=\"index, follow, max-snippet:-1, max-image-preview:large, max-video-preview:-1\" \/>\n<link rel=\"canonical\" href=\"https:\/\/acslfm.org\/fr\/sobre-nosotros\/regime-disciplinaire\/\" \/>\n<meta property=\"og:locale\" content=\"fr_FR\" \/>\n<meta property=\"og:type\" content=\"article\" \/>\n<meta property=\"og:title\" content=\"R\u00e9gime disciplinaire - ACS Liceo\" \/>\n<meta property=\"og:description\" content=\"Normes de comportement des \u00e9l\u00e8ves de nos activit\u00e9s p\u00e9ri-scolaires.\" \/>\n<meta property=\"og:url\" content=\"https:\/\/acslfm.org\/fr\/sobre-nosotros\/regime-disciplinaire\/\" \/>\n<meta property=\"og:site_name\" content=\"Asociaci\u00f3n Cultural y Deportiva del Liceo Franc\u00e9s de Madrid\" \/>\n<meta property=\"article:modified_time\" content=\"2025-07-04T14:29:18+00:00\" \/>\n<meta name=\"twitter:card\" content=\"summary_large_image\" \/>\n<meta name=\"twitter:label1\" content=\"Dur\u00e9e de lecture estim\u00e9e\" \/>\n\t<meta name=\"twitter:data1\" content=\"6 minutes\" \/>\n<script type=\"application\/ld+json\" class=\"yoast-schema-graph\">{\"@context\":\"https:\/\/schema.org\",\"@graph\":[{\"@type\":\"WebPage\",\"@id\":\"https:\/\/acslfm.org\/fr\/sobre-nosotros\/regime-disciplinaire\/\",\"url\":\"https:\/\/acslfm.org\/fr\/sobre-nosotros\/regime-disciplinaire\/\",\"name\":\"R\u00e9gime disciplinaire - ACS Liceo\",\"isPartOf\":{\"@id\":\"https:\/\/acslfm.org\/#website\"},\"datePublished\":\"2022-07-08T07:46:53+00:00\",\"dateModified\":\"2025-07-04T14:29:18+00:00\",\"description\":\"Normes de comportement des \u00e9l\u00e8ves de nos activit\u00e9s p\u00e9ri-scolaires.\",\"breadcrumb\":{\"@id\":\"https:\/\/acslfm.org\/fr\/sobre-nosotros\/regime-disciplinaire\/#breadcrumb\"},\"inLanguage\":\"fr-FR\",\"potentialAction\":[{\"@type\":\"ReadAction\",\"target\":[\"https:\/\/acslfm.org\/fr\/sobre-nosotros\/regime-disciplinaire\/\"]}]},{\"@type\":\"BreadcrumbList\",\"@id\":\"https:\/\/acslfm.org\/fr\/sobre-nosotros\/regime-disciplinaire\/#breadcrumb\",\"itemListElement\":[{\"@type\":\"ListItem\",\"position\":1,\"name\":\"Portada\",\"item\":\"https:\/\/acslfm.org\/fr\/\"},{\"@type\":\"ListItem\",\"position\":2,\"name\":\"Qui sommes-nous?\",\"item\":\"https:\/\/acslfm.org\/fr\/sobre-nosotros\/\"},{\"@type\":\"ListItem\",\"position\":3,\"name\":\"R\u00e9gime disciplinaire\"}]},{\"@type\":\"WebSite\",\"@id\":\"https:\/\/acslfm.org\/#website\",\"url\":\"https:\/\/acslfm.org\/\",\"name\":\"Asociaci\u00f3n Cultural y Deportiva del Liceo Franc\u00e9s de Madrid\",\"description\":\"Actividades y servicios para padres de alumnos del Liceo Franc\u00e9s\",\"potentialAction\":[{\"@type\":\"SearchAction\",\"target\":{\"@type\":\"EntryPoint\",\"urlTemplate\":\"https:\/\/acslfm.org\/?s={search_term_string}\"},\"query-input\":{\"@type\":\"PropertyValueSpecification\",\"valueRequired\":true,\"valueName\":\"search_term_string\"}}],\"inLanguage\":\"fr-FR\"}]}<\/script>\n<!-- \/ Yoast SEO plugin. -->","yoast_head_json":{"title":"R\u00e9gime disciplinaire - ACS Liceo","description":"Normes de comportement des \u00e9l\u00e8ves de nos activit\u00e9s p\u00e9ri-scolaires.","robots":{"index":"index","follow":"follow","max-snippet":"max-snippet:-1","max-image-preview":"max-image-preview:large","max-video-preview":"max-video-preview:-1"},"canonical":"https:\/\/acslfm.org\/fr\/sobre-nosotros\/regime-disciplinaire\/","og_locale":"fr_FR","og_type":"article","og_title":"R\u00e9gime disciplinaire - ACS Liceo","og_description":"Normes de comportement des \u00e9l\u00e8ves de nos activit\u00e9s p\u00e9ri-scolaires.","og_url":"https:\/\/acslfm.org\/fr\/sobre-nosotros\/regime-disciplinaire\/","og_site_name":"Asociaci\u00f3n Cultural y Deportiva del Liceo Franc\u00e9s de Madrid","article_modified_time":"2025-07-04T14:29:18+00:00","twitter_card":"summary_large_image","twitter_misc":{"Dur\u00e9e de lecture estim\u00e9e":"6 minutes"},"schema":{"@context":"https:\/\/schema.org","@graph":[{"@type":"WebPage","@id":"https:\/\/acslfm.org\/fr\/sobre-nosotros\/regime-disciplinaire\/","url":"https:\/\/acslfm.org\/fr\/sobre-nosotros\/regime-disciplinaire\/","name":"R\u00e9gime disciplinaire - ACS Liceo","isPartOf":{"@id":"https:\/\/acslfm.org\/#website"},"datePublished":"2022-07-08T07:46:53+00:00","dateModified":"2025-07-04T14:29:18+00:00","description":"Normes de comportement des \u00e9l\u00e8ves de nos activit\u00e9s p\u00e9ri-scolaires.","breadcrumb":{"@id":"https:\/\/acslfm.org\/fr\/sobre-nosotros\/regime-disciplinaire\/#breadcrumb"},"inLanguage":"fr-FR","potentialAction":[{"@type":"ReadAction","target":["https:\/\/acslfm.org\/fr\/sobre-nosotros\/regime-disciplinaire\/"]}]},{"@type":"BreadcrumbList","@id":"https:\/\/acslfm.org\/fr\/sobre-nosotros\/regime-disciplinaire\/#breadcrumb","itemListElement":[{"@type":"ListItem","position":1,"name":"Portada","item":"https:\/\/acslfm.org\/fr\/"},{"@type":"ListItem","position":2,"name":"Qui sommes-nous?","item":"https:\/\/acslfm.org\/fr\/sobre-nosotros\/"},{"@type":"ListItem","position":3,"name":"R\u00e9gime disciplinaire"}]},{"@type":"WebSite","@id":"https:\/\/acslfm.org\/#website","url":"https:\/\/acslfm.org\/","name":"Asociaci\u00f3n Cultural y Deportiva del Liceo Franc\u00e9s de Madrid","description":"Actividades y servicios para padres de alumnos del Liceo Franc\u00e9s","potentialAction":[{"@type":"SearchAction","target":{"@type":"EntryPoint","urlTemplate":"https:\/\/acslfm.org\/?s={search_term_string}"},"query-input":{"@type":"PropertyValueSpecification","valueRequired":true,"valueName":"search_term_string"}}],"inLanguage":"fr-FR"}]}},"_links":{"self":[{"href":"https:\/\/acslfm.org\/fr\/wp-json\/wp\/v2\/pages\/1879","targetHints":{"allow":["GET"]}}],"collection":[{"href":"https:\/\/acslfm.org\/fr\/wp-json\/wp\/v2\/pages"}],"about":[{"href":"https:\/\/acslfm.org\/fr\/wp-json\/wp\/v2\/types\/page"}],"author":[{"embeddable":true,"href":"https:\/\/acslfm.org\/fr\/wp-json\/wp\/v2\/users\/1582"}],"replies":[{"embeddable":true,"href":"https:\/\/acslfm.org\/fr\/wp-json\/wp\/v2\/comments?post=1879"}],"version-history":[{"count":7,"href":"https:\/\/acslfm.org\/fr\/wp-json\/wp\/v2\/pages\/1879\/revisions"}],"predecessor-version":[{"id":9789,"href":"https:\/\/acslfm.org\/fr\/wp-json\/wp\/v2\/pages\/1879\/revisions\/9789"}],"up":[{"embeddable":true,"href":"https:\/\/acslfm.org\/fr\/wp-json\/wp\/v2\/pages\/1711"}],"wp:attachment":[{"href":"https:\/\/acslfm.org\/fr\/wp-json\/wp\/v2\/media?parent=1879"}],"curies":[{"name":"wp","href":"https:\/\/api.w.org\/{rel}","templated":true}]}}