{"id":1708,"date":"2017-04-05T11:29:12","date_gmt":"2017-04-05T11:29:12","guid":{"rendered":"https:\/\/acslfm.org\/area-de-padres\/alumnos\/"},"modified":"2020-11-19T12:24:17","modified_gmt":"2020-11-19T11:24:17","slug":"alumnos","status":"publish","type":"page","link":"https:\/\/acslfm.org\/fr\/area-de-padres\/alumnos\/","title":{"rendered":"Mon compte : \u00e9l\u00e8ves"},"content":{"rendered":"<p>[et_pb_section fb_built=\u00a0\u00bb1&Prime; inner_shadow=\u00a0\u00bbon\u00a0\u00bb admin_label=\u00a0\u00bbsection\u00a0\u00bb module_class=\u00a0\u00bbmenu-area-padres\u00a0\u00bb _builder_version=\u00a0\u00bb3.22&Prime; custom_padding=\u00a0\u00bb0px||0px|\u00a0\u00bb transparent_background=\u00a0\u00bboff\u00a0\u00bb make_fullwidth=\u00a0\u00bboff\u00a0\u00bb use_custom_width=\u00a0\u00bboff\u00a0\u00bb width_unit=\u00a0\u00bbon\u00a0\u00bb][et_pb_row admin_label=\u00a0\u00bbrow\u00a0\u00bb _builder_version=\u00a0\u00bb3.25&Prime; background_size=\u00a0\u00bbinitial\u00a0\u00bb background_position=\u00a0\u00bbtop_left\u00a0\u00bb background_repeat=\u00a0\u00bbrepeat\u00a0\u00bb custom_padding=\u00a0\u00bb0px||0px|\u00a0\u00bb make_fullwidth=\u00a0\u00bboff\u00a0\u00bb use_custom_width=\u00a0\u00bboff\u00a0\u00bb width_unit=\u00a0\u00bbon\u00a0\u00bb][et_pb_column type=\u00a0\u00bb4_4&Prime; _builder_version=\u00a0\u00bb3.25&Prime; background_color=\u00a0\u00bbrgba(255,255,255,0)\u00a0\u00bb custom_padding=\u00a0\u00bb|||\u00a0\u00bb custom_padding__hover=\u00a0\u00bb|||\u00a0\u00bb][et_pb_sidebar area=\u00a0\u00bbet_pb_widget_area_1&Prime; admin_label=\u00a0\u00bbMen\u00fa \u00e1rea privada\u00a0\u00bb _builder_version=\u00a0\u00bb4.4.9&Prime; remove_border=\u00a0\u00bboff\u00a0\u00bb][\/et_pb_sidebar][\/et_pb_column][\/et_pb_row][\/et_pb_section][et_pb_section fb_built=\u00a0\u00bb1&Prime; _builder_version=\u00a0\u00bb3.22&Prime; background_color=\u00a0\u00bb#f1f1f1&Prime; custom_padding=\u00a0\u00bb0px||0px|\u00a0\u00bb custom_css_main_element=\u00a0\u00bbborder-top: 1px solid #e2e2e2;||border-bottom: 1px solid #e2e2e2;\u00a0\u00bb][et_pb_row _builder_version=\u00a0\u00bb3.25&Prime; background_size=\u00a0\u00bbinitial\u00a0\u00bb background_position=\u00a0\u00bbtop_left\u00a0\u00bb background_repeat=\u00a0\u00bbrepeat\u00a0\u00bb custom_margin=\u00a0\u00bb||0px|\u00a0\u00bb custom_padding=\u00a0\u00bb0px||0px|\u00a0\u00bb][et_pb_column type=\u00a0\u00bb4_4&Prime; _builder_version=\u00a0\u00bb3.25&Prime; background_position=\u00a0\u00bbtop_left\u00a0\u00bb custom_padding=\u00a0\u00bb|||\u00a0\u00bb custom_padding__hover=\u00a0\u00bb|||\u00a0\u00bb][et_pb_text admin_label=\u00a0\u00bbLista Hijos\u00a0\u00bb _builder_version=\u00a0\u00bb4.4.9&Prime; background_size=\u00a0\u00bbinitial\u00a0\u00bb background_position=\u00a0\u00bbtop_left\u00a0\u00bb background_repeat=\u00a0\u00bbrepeat\u00a0\u00bb use_border_color=\u00a0\u00bboff\u00a0\u00bb border_color=\u00a0\u00bb#ffffff\u00a0\u00bb border_style=\u00a0\u00bbsolid\u00a0\u00bb]<\/p>\n<div class=\"lista_alumnos modo1\">Selectionner l\u2019\u00e9l\u00e8ve: <div class=\"printacslfm\" data-action=\"listaalumnos\"data-link=\"https:\/\/acslfm.org\/fr\/area-de-padres\/inscripcion\/\"><\/div><a class=\"link_alumnos nuevo_alumno animacion\" href=\"https:\/\/acslfm.org\/fr\/area-de-padres\/alumnos\/\"><i class=\"acs_icons acs_plus\"><\/i>Nouvel \u00e9l\u00e8ve<\/a><\/div>\t\n<p>[\/et_pb_text][\/et_pb_column][\/et_pb_row][\/et_pb_section][et_pb_section fb_built=\u00a0\u00bb1&Prime; _builder_version=\u00a0\u00bb3.22&Prime;][et_pb_row _builder_version=\u00a0\u00bb3.25&Prime; background_size=\u00a0\u00bbinitial\u00a0\u00bb background_position=\u00a0\u00bbtop_left\u00a0\u00bb background_repeat=\u00a0\u00bbrepeat\u00a0\u00bb][et_pb_column type=\u00a0\u00bb4_4&Prime; _builder_version=\u00a0\u00bb3.25&Prime; custom_padding=\u00a0\u00bb|||\u00a0\u00bb custom_padding__hover=\u00a0\u00bb|||\u00a0\u00bb][et_pb_text _builder_version=\u00a0\u00bb4.4.9&Prime; text_orientation=\u00a0\u00bbcenter\u00a0\u00bb module_alignment=\u00a0\u00bbcenter\u00a0\u00bb]<\/p>\n<div id=\"aviso-hijos\"><div class='et-box et-warning'>\n\t\t\t\t\t<div class='et-box-content'><h3>IMPORTANT:<\/h3><h4>Vous n\u2019avez enregistr\u00e9 aucun \u00e9l\u00e8ve pour le moment<\/h4><p>Vous devez associer au moins un \u00e9l\u00e8ve \u00e0 votre compte d\u2019utilisateur pour pouvoir commencer \u00e0 utiliser le syst\u00e8me.<\/p><\/div><\/div><\/div>\n<p>Dans cette section vous trouverez toutes les activit\u00e9s disponibles ainsi qu&rsquo;un menu en ligne permettant de selectionner les activit\u00e9s et les horaires pour Tous vos enfants.<\/p>\n<p><strong>Selectionnez l&rsquo;\u00e9l\u00e8ve<\/strong>, configurez le calendrier et r\u00e9alisez le paiement en ligne.<\/p>\n<h3>Quel \u00e9l\u00e8ve voulez-vous inscrire?<\/h3>\n<div class=\"lista_alumnos modo2\"><div class=\"printacslfm\" data-action=\"listaalumnos\"data-modo=\"2\"data-link=\"https:\/\/acslfm.org\/fr\/area-de-padres\/inscripcion\/\"><\/div><\/div>\t\n<p>[\/et_pb_text][et_pb_toggle title=\u00a0\u00bb\u00bfNecesitas dar de alta un nuevo alumno?\u00a0\u00bb module_class=\u00a0\u00bbtoggle-nuevo-alumno\u00a0\u00bb _builder_version=\u00a0\u00bb4.4.9&Prime; title_font_size=\u00a0\u00bb15&Prime; border_style=\u00a0\u00bbsolid\u00a0\u00bb]<\/p>\n<p>En caso de necesitar enlazar un nuevo alumno a tu cuenta, podr\u00e1s introducir los datos que te ha facilitado el colegio en el siguiente formulario:<\/p>\n<script type=\"text\/javascript\">\n\/* <![CDATA[ *\/\nvar gform;gform||(document.addEventListener(\"gform_main_scripts_loaded\",function(){gform.scriptsLoaded=!0}),document.addEventListener(\"gform\/theme\/scripts_loaded\",function(){gform.themeScriptsLoaded=!0}),window.addEventListener(\"DOMContentLoaded\",function(){gform.domLoaded=!0}),gform={domLoaded:!1,scriptsLoaded:!1,themeScriptsLoaded:!1,isFormEditor:()=>\"function\"==typeof InitializeEditor,callIfLoaded:function(o){return!(!gform.domLoaded||!gform.scriptsLoaded||!gform.themeScriptsLoaded&&!gform.isFormEditor()||(gform.isFormEditor()&&console.warn(\"The use of gform.initializeOnLoaded() is deprecated in the form editor context and will be removed in Gravity Forms 3.1.\"),o(),0))},initializeOnLoaded:function(o){gform.callIfLoaded(o)||(document.addEventListener(\"gform_main_scripts_loaded\",()=>{gform.scriptsLoaded=!0,gform.callIfLoaded(o)}),document.addEventListener(\"gform\/theme\/scripts_loaded\",()=>{gform.themeScriptsLoaded=!0,gform.callIfLoaded(o)}),window.addEventListener(\"DOMContentLoaded\",()=>{gform.domLoaded=!0,gform.callIfLoaded(o)}))},hooks:{action:{},filter:{}},addAction:function(o,r,e,t){gform.addHook(\"action\",o,r,e,t)},addFilter:function(o,r,e,t){gform.addHook(\"filter\",o,r,e,t)},doAction:function(o){gform.doHook(\"action\",o,arguments)},applyFilters:function(o){return gform.doHook(\"filter\",o,arguments)},removeAction:function(o,r){gform.removeHook(\"action\",o,r)},removeFilter:function(o,r,e){gform.removeHook(\"filter\",o,r,e)},addHook:function(o,r,e,t,n){null==gform.hooks[o][r]&&(gform.hooks[o][r]=[]);var d=gform.hooks[o][r];null==n&&(n=r+\"_\"+d.length),gform.hooks[o][r].push({tag:n,callable:e,priority:t=null==t?10:t})},doHook:function(r,o,e){var t;if(e=Array.prototype.slice.call(e,1),null!=gform.hooks[r][o]&&((o=gform.hooks[r][o]).sort(function(o,r){return o.priority-r.priority}),o.forEach(function(o){\"function\"!=typeof(t=o.callable)&&(t=window[t]),\"action\"==r?t.apply(null,e):e[0]=t.apply(null,e)})),\"filter\"==r)return e[0]},removeHook:function(o,r,t,n){var e;null!=gform.hooks[o][r]&&(e=(e=gform.hooks[o][r]).filter(function(o,r,e){return!!(null!=n&&n!=o.tag||null!=t&&t!=o.priority)}),gform.hooks[o][r]=e)}});\n\/* ]]> *\/\n<\/script>\n\n                <div class='gf_browser_gecko gform_wrapper gform_legacy_markup_wrapper gform-theme--no-framework' data-form-theme='legacy' data-form-index='0' id='gform_wrapper_3' ><div id='gf_3' class='gform_anchor' tabindex='-1'><\/div><form method='post' enctype='multipart\/form-data' target='gform_ajax_frame_3' id='gform_3'  action='\/fr\/wp-json\/wp\/v2\/pages\/1708#gf_3' data-formid='3' novalidate>\n                        <div class='gform-body gform_body'><ul id='gform_fields_3' class='gform_fields top_label form_sublabel_below description_below validation_below'><li id=\"field_3_1\" class=\"gfield gfield--type-text gfield_contains_required field_sublabel_below gfield--no-description field_description_below field_validation_below gfield_visibility_visible\"  ><label class='gfield_label gform-field-label' for='input_3_1'>ID El\u00e8ves (envoy\u00e9 par le Lyc\u00e9e)<span class=\"gfield_required\"><span class=\"gfield_required gfield_required_asterisk\">*<\/span><\/span><\/label><div class='ginput_container ginput_container_text'><input name='input_1' id='input_3_1' type='text' value='' class='medium'     aria-required=\"true\" aria-invalid=\"false\"   \/><\/div><\/li><li id=\"field_3_2\" class=\"gfield gfield--type-text gfield_contains_required field_sublabel_below gfield--no-description field_description_below field_validation_below gfield_visibility_visible\"  ><label class='gfield_label gform-field-label' for='input_3_2'>Mot de passe de l\u2019\u00e9l\u00e8ve<span class=\"gfield_required\"><span class=\"gfield_required gfield_required_asterisk\">*<\/span><\/span><\/label><div class='ginput_container ginput_container_text'><input name='input_2' id='input_3_2' type='text' value='' class='medium'     aria-required=\"true\" aria-invalid=\"false\"   \/><\/div><\/li><\/ul><\/div>\n        <div class='gform-footer gform_footer top_label'> <input type='submit' id='gform_submit_button_3' class='gform_button button' onclick='gform.submission.handleButtonClick(this);' data-submission-type='submit' value='Aceptar'  \/> <input type='hidden' name='gform_ajax' value='form_id=3&amp;title=&amp;description=&amp;tabindex=0&amp;theme=legacy&amp;styles=[]&amp;hash=673e39b5d124fdbcdf812f864bf035af' \/>\n            <input type='hidden' class='gform_hidden' name='gform_submission_method' data-js='gform_submission_method_3' value='iframe' \/>\n            <input type='hidden' class='gform_hidden' name='gform_theme' data-js='gform_theme_3' id='gform_theme_3' value='legacy' \/>\n            <input type='hidden' class='gform_hidden' name='gform_style_settings' data-js='gform_style_settings_3' id='gform_style_settings_3' value='[]' \/>\n            <input type='hidden' class='gform_hidden' name='is_submit_3' value='1' \/>\n            <input type='hidden' class='gform_hidden' name='gform_submit' value='3' \/>\n            \n            <input type='hidden' class='gform_hidden' name='gform_currency' data-currency='EUR' value='1szNmZWJbhmW0lMGVxpbqaKuZDKtQm86\/j8TdoSTkwuEGHqUadDasEkSkq6WEBBDWRooQO+dzIhZ0vdj7aApe8J04SyoOw0aCr3hN43a5p3BRqg=' \/>\n            <input type='hidden' class='gform_hidden' name='gform_unique_id' value='' \/>\n            <input type='hidden' class='gform_hidden' name='state_3' value='WyJbXSIsImEwN2Y4NWEzMTQ4YTk1NTZlZWFkMjBlZWJiMTMwYTY1Il0=' \/>\n            <input type='hidden' autocomplete='off' class='gform_hidden' name='gform_target_page_number_3' id='gform_target_page_number_3' value='0' \/>\n            <input type='hidden' autocomplete='off' class='gform_hidden' name='gform_source_page_number_3' id='gform_source_page_number_3' value='1' \/>\n            <input type='hidden' name='gform_field_values' value='' \/>\n            \n        <\/div>\n                        <p style=\"display: none !important;\" class=\"akismet-fields-container\" data-prefix=\"ak_\"><label>&#916;<textarea name=\"ak_hp_textarea\" cols=\"45\" rows=\"8\" maxlength=\"100\"><\/textarea><\/label><input type=\"hidden\" id=\"ak_js_1\" name=\"ak_js\" value=\"171\"\/><script>document.getElementById( \"ak_js_1\" ).setAttribute( \"value\", ( new Date() ).getTime() );<\/script><\/p><\/form>\n                        <\/div>\n\t\t                <iframe style='display:none;width:0px;height:0px;' src='about:blank' name='gform_ajax_frame_3' id='gform_ajax_frame_3' title='Cette iframe contient la logique n\u00e9cessaire pour manipuler Gravity Forms avec Ajax.'><\/iframe>\n\t\t                <script type=\"text\/javascript\">\n\/* <![CDATA[ *\/\n gform.initializeOnLoaded( function() {gformInitSpinner( 3, 'https:\/\/acslfm.org\/wp-content\/plugins\/gravityforms\/images\/spinner.svg', true );jQuery('#gform_ajax_frame_3').on('load',function(){var contents = jQuery(this).contents().find('*').html();var is_postback = contents.indexOf('GF_AJAX_POSTBACK') >= 0;if(!is_postback){return;}var form_content = jQuery(this).contents().find('#gform_wrapper_3');var is_confirmation = jQuery(this).contents().find('#gform_confirmation_wrapper_3').length > 0;var is_redirect = contents.indexOf('gformRedirect(){') >= 0;var is_form = form_content.length > 0 && ! is_redirect && ! is_confirmation;var mt = parseInt(jQuery('html').css('margin-top'), 10) + parseInt(jQuery('body').css('margin-top'), 10) + 100;if(is_form){jQuery('#gform_wrapper_3').html(form_content.html());if(form_content.hasClass('gform_validation_error')){jQuery('#gform_wrapper_3').addClass('gform_validation_error');} else {jQuery('#gform_wrapper_3').removeClass('gform_validation_error');}setTimeout( function() { \/* delay the scroll by 50 milliseconds to fix a bug in chrome *\/ jQuery(document).scrollTop(jQuery('#gform_wrapper_3').offset().top - mt); }, 50 );if(window['gformInitDatepicker']) {gformInitDatepicker();}if(window['gformInitPriceFields']) {gformInitPriceFields();}var current_page = jQuery('#gform_source_page_number_3').val();gformInitSpinner( 3, 'https:\/\/acslfm.org\/wp-content\/plugins\/gravityforms\/images\/spinner.svg', true );jQuery(document).trigger('gform_page_loaded', [3, current_page]);window['gf_submitting_3'] = false;}else if(!is_redirect){var confirmation_content = jQuery(this).contents().find('.GF_AJAX_POSTBACK').html();if(!confirmation_content){confirmation_content = contents;}jQuery('#gform_wrapper_3').replaceWith(confirmation_content);jQuery(document).scrollTop(jQuery('#gf_3').offset().top - mt);jQuery(document).trigger('gform_confirmation_loaded', [3]);window['gf_submitting_3'] = false;wp.a11y.speak(jQuery('#gform_confirmation_message_3').text());}else{jQuery('#gform_3').append(contents);if(window['gformRedirect']) {gformRedirect();}}jQuery(document).trigger(\"gform_pre_post_render\", [{ formId: \"3\", currentPage: \"current_page\", abort: function() { this.preventDefault(); } }]);        if (event && event.defaultPrevented) {                return;        }        const gformWrapperDiv = document.getElementById( \"gform_wrapper_3\" );        if ( gformWrapperDiv ) {            const visibilitySpan = document.createElement( \"span\" );            visibilitySpan.id = \"gform_visibility_test_3\";            gformWrapperDiv.insertAdjacentElement( \"afterend\", visibilitySpan );        }        const visibilityTestDiv = document.getElementById( \"gform_visibility_test_3\" );        let postRenderFired = false;        function triggerPostRender() {            if ( postRenderFired ) {                return;            }            postRenderFired = true;            gform.core.triggerPostRenderEvents( 3, current_page );            if ( visibilityTestDiv ) {                visibilityTestDiv.parentNode.removeChild( visibilityTestDiv );            }        }        function debounce( func, wait, immediate ) {            var timeout;            return function() {                var context = this, args = arguments;                var later = function() {                    timeout = null;                    if ( !immediate ) func.apply( context, args );                };                var callNow = immediate && !timeout;                clearTimeout( timeout );                timeout = setTimeout( later, wait );                if ( callNow ) func.apply( context, args );            };        }        const debouncedTriggerPostRender = debounce( function() {            triggerPostRender();        }, 200 );        if ( visibilityTestDiv && visibilityTestDiv.offsetParent === null ) {            const observer = new MutationObserver( ( mutations ) => {                mutations.forEach( ( mutation ) => {                    if ( mutation.type === 'attributes' && visibilityTestDiv.offsetParent !== null ) {                        debouncedTriggerPostRender();                        observer.disconnect();                    }                });            });            observer.observe( document.body, {                attributes: true,                childList: false,                subtree: true,                attributeFilter: [ 'style', 'class' ],            });        } else {            triggerPostRender();        }    } );} ); \n\/* ]]> *\/\n<\/script>\n\n<p>[\/et_pb_toggle][et_pb_text _builder_version=\u00a0\u00bb4.4.9&Prime;]<\/p>\n<div class=\"printacslfm\" data-action=\"avisofotos\"><\/div>\n<p>[\/et_pb_text][\/et_pb_column][\/et_pb_row][\/et_pb_section]<\/p>\n","protected":false},"excerpt":{"rendered":"<p><div class=\"lista_alumnos modo1\">Selectionner l\u2019\u00e9l\u00e8ve: <div class=\"printacslfm\" data-action=\"listaalumnos\"data-link=\"https:\/\/acslfm.org\/fr\/area-de-padres\/inscripcion\/\"><\/div><a class=\"link_alumnos nuevo_alumno animacion\" href=\"https:\/\/acslfm.org\/fr\/area-de-padres\/alumnos\/\"><i class=\"acs_icons acs_plus\"><\/i>Nouvel \u00e9l\u00e8ve<\/a><\/div>\t<div id=\"aviso-hijos\"><div class='et-box et-warning'>\n\t\t\t\t\t<div class='et-box-content'><h3>IMPORTANT:<\/h3><h4>Vous n\u2019avez enregistr\u00e9 aucun \u00e9l\u00e8ve pour le moment<\/h4><p>Vous devez associer au moins un \u00e9l\u00e8ve \u00e0 votre compte d\u2019utilisateur pour pouvoir commencer \u00e0 utiliser le syst\u00e8me.<\/p><\/div><\/div><\/div> Dans cette section vous trouverez toutes les activit\u00e9s disponibles ainsi qu&rsquo;un menu en ligne permettant de selectionner les activit\u00e9s et les horaires pour Tous vos enfants. Selectionnez l&rsquo;\u00e9l\u00e8ve, configurez le calendrier et r\u00e9alisez le paiement en ligne. Quel \u00e9l\u00e8ve voulez-vous inscrire? <div class=\"lista_alumnos modo2\"><div class=\"printacslfm\" data-action=\"listaalumnos\"data-modo=\"2\"data-link=\"https:\/\/acslfm.org\/fr\/area-de-padres\/inscripcion\/\"><\/div><\/div>\tEn caso de necesitar enlazar un nuevo alumno a tu cuenta, podr\u00e1s [&hellip;]<\/p>\n","protected":false},"author":1,"featured_media":0,"parent":1697,"menu_order":0,"comment_status":"closed","ping_status":"closed","template":"","meta":{"_et_pb_use_builder":"on","_et_pb_old_content":"","_et_gb_content_width":"","footnotes":""},"class_list":["post-1708","page","type-page","status-publish","hentry"],"yoast_head":"<!-- This site is optimized with the Yoast SEO plugin v26.4 - https:\/\/yoast.com\/wordpress\/plugins\/seo\/ -->\n<title>Mon compte : \u00e9l\u00e8ves - ACS Liceo<\/title>\n<meta name=\"robots\" content=\"noindex, follow\" \/>\n<meta property=\"og:locale\" content=\"fr_FR\" \/>\n<meta property=\"og:type\" content=\"article\" \/>\n<meta property=\"og:title\" content=\"Mon compte : \u00e9l\u00e8ves - ACS Liceo\" \/>\n<meta property=\"og:description\" content=\"Dans cette section vous trouverez toutes les activit\u00e9s disponibles ainsi qu&#039;un menu en ligne permettant de selectionner les activit\u00e9s et les horaires pour Tous vos enfants. Selectionnez l&#039;\u00e9l\u00e8ve, configurez le calendrier et r\u00e9alisez le paiement en ligne. Quel \u00e9l\u00e8ve voulez-vous inscrire? En caso de necesitar enlazar un nuevo alumno a tu cuenta, podr\u00e1s [&hellip;]\" \/>\n<meta property=\"og:url\" content=\"https:\/\/acslfm.org\/fr\/area-de-padres\/alumnos\/\" \/>\n<meta property=\"og:site_name\" content=\"Asociaci\u00f3n Cultural y Deportiva del Liceo Franc\u00e9s de Madrid\" \/>\n<meta property=\"article:modified_time\" content=\"2020-11-19T11:24:17+00:00\" \/>\n<meta name=\"twitter:card\" content=\"summary_large_image\" \/>\n<meta name=\"twitter:label1\" content=\"Dur\u00e9e de lecture estim\u00e9e\" \/>\n\t<meta name=\"twitter:data1\" content=\"2 minutes\" \/>\n<script type=\"application\/ld+json\" class=\"yoast-schema-graph\">{\"@context\":\"https:\/\/schema.org\",\"@graph\":[{\"@type\":\"WebPage\",\"@id\":\"https:\/\/acslfm.org\/fr\/area-de-padres\/alumnos\/\",\"url\":\"https:\/\/acslfm.org\/fr\/area-de-padres\/alumnos\/\",\"name\":\"Mon compte : \u00e9l\u00e8ves - ACS Liceo\",\"isPartOf\":{\"@id\":\"https:\/\/acslfm.org\/#website\"},\"datePublished\":\"2017-04-05T11:29:12+00:00\",\"dateModified\":\"2020-11-19T11:24:17+00:00\",\"breadcrumb\":{\"@id\":\"https:\/\/acslfm.org\/fr\/area-de-padres\/alumnos\/#breadcrumb\"},\"inLanguage\":\"fr-FR\",\"potentialAction\":[{\"@type\":\"ReadAction\",\"target\":[\"https:\/\/acslfm.org\/fr\/area-de-padres\/alumnos\/\"]}]},{\"@type\":\"BreadcrumbList\",\"@id\":\"https:\/\/acslfm.org\/fr\/area-de-padres\/alumnos\/#breadcrumb\",\"itemListElement\":[{\"@type\":\"ListItem\",\"position\":1,\"name\":\"Portada\",\"item\":\"https:\/\/acslfm.org\/fr\/\"},{\"@type\":\"ListItem\",\"position\":2,\"name\":\"Mon compte\",\"item\":\"https:\/\/acslfm.org\/fr\/area-de-padres\/\"},{\"@type\":\"ListItem\",\"position\":3,\"name\":\"Mon compte : \u00e9l\u00e8ves\"}]},{\"@type\":\"WebSite\",\"@id\":\"https:\/\/acslfm.org\/#website\",\"url\":\"https:\/\/acslfm.org\/\",\"name\":\"Asociaci\u00f3n Cultural y Deportiva del Liceo Franc\u00e9s de Madrid\",\"description\":\"Actividades y servicios para padres de alumnos del Liceo Franc\u00e9s\",\"potentialAction\":[{\"@type\":\"SearchAction\",\"target\":{\"@type\":\"EntryPoint\",\"urlTemplate\":\"https:\/\/acslfm.org\/?s={search_term_string}\"},\"query-input\":{\"@type\":\"PropertyValueSpecification\",\"valueRequired\":true,\"valueName\":\"search_term_string\"}}],\"inLanguage\":\"fr-FR\"}]}<\/script>\n<!-- \/ Yoast SEO plugin. -->","yoast_head_json":{"title":"Mon compte : \u00e9l\u00e8ves - ACS Liceo","robots":{"index":"noindex","follow":"follow"},"og_locale":"fr_FR","og_type":"article","og_title":"Mon compte : \u00e9l\u00e8ves - ACS Liceo","og_description":"Dans cette section vous trouverez toutes les activit\u00e9s disponibles ainsi qu'un menu en ligne permettant de selectionner les activit\u00e9s et les horaires pour Tous vos enfants. Selectionnez l'\u00e9l\u00e8ve, configurez le calendrier et r\u00e9alisez le paiement en ligne. Quel \u00e9l\u00e8ve voulez-vous inscrire? En caso de necesitar enlazar un nuevo alumno a tu cuenta, podr\u00e1s [&hellip;]","og_url":"https:\/\/acslfm.org\/fr\/area-de-padres\/alumnos\/","og_site_name":"Asociaci\u00f3n Cultural y Deportiva del Liceo Franc\u00e9s de Madrid","article_modified_time":"2020-11-19T11:24:17+00:00","twitter_card":"summary_large_image","twitter_misc":{"Dur\u00e9e de lecture estim\u00e9e":"2 minutes"},"schema":{"@context":"https:\/\/schema.org","@graph":[{"@type":"WebPage","@id":"https:\/\/acslfm.org\/fr\/area-de-padres\/alumnos\/","url":"https:\/\/acslfm.org\/fr\/area-de-padres\/alumnos\/","name":"Mon compte : \u00e9l\u00e8ves - ACS Liceo","isPartOf":{"@id":"https:\/\/acslfm.org\/#website"},"datePublished":"2017-04-05T11:29:12+00:00","dateModified":"2020-11-19T11:24:17+00:00","breadcrumb":{"@id":"https:\/\/acslfm.org\/fr\/area-de-padres\/alumnos\/#breadcrumb"},"inLanguage":"fr-FR","potentialAction":[{"@type":"ReadAction","target":["https:\/\/acslfm.org\/fr\/area-de-padres\/alumnos\/"]}]},{"@type":"BreadcrumbList","@id":"https:\/\/acslfm.org\/fr\/area-de-padres\/alumnos\/#breadcrumb","itemListElement":[{"@type":"ListItem","position":1,"name":"Portada","item":"https:\/\/acslfm.org\/fr\/"},{"@type":"ListItem","position":2,"name":"Mon compte","item":"https:\/\/acslfm.org\/fr\/area-de-padres\/"},{"@type":"ListItem","position":3,"name":"Mon compte : \u00e9l\u00e8ves"}]},{"@type":"WebSite","@id":"https:\/\/acslfm.org\/#website","url":"https:\/\/acslfm.org\/","name":"Asociaci\u00f3n Cultural y Deportiva del Liceo Franc\u00e9s de Madrid","description":"Actividades y servicios para padres de alumnos del Liceo Franc\u00e9s","potentialAction":[{"@type":"SearchAction","target":{"@type":"EntryPoint","urlTemplate":"https:\/\/acslfm.org\/?s={search_term_string}"},"query-input":{"@type":"PropertyValueSpecification","valueRequired":true,"valueName":"search_term_string"}}],"inLanguage":"fr-FR"}]}},"_links":{"self":[{"href":"https:\/\/acslfm.org\/fr\/wp-json\/wp\/v2\/pages\/1708","targetHints":{"allow":["GET"]}}],"collection":[{"href":"https:\/\/acslfm.org\/fr\/wp-json\/wp\/v2\/pages"}],"about":[{"href":"https:\/\/acslfm.org\/fr\/wp-json\/wp\/v2\/types\/page"}],"author":[{"embeddable":true,"href":"https:\/\/acslfm.org\/fr\/wp-json\/wp\/v2\/users\/1"}],"replies":[{"embeddable":true,"href":"https:\/\/acslfm.org\/fr\/wp-json\/wp\/v2\/comments?post=1708"}],"version-history":[{"count":28,"href":"https:\/\/acslfm.org\/fr\/wp-json\/wp\/v2\/pages\/1708\/revisions"}],"predecessor-version":[{"id":5906,"href":"https:\/\/acslfm.org\/fr\/wp-json\/wp\/v2\/pages\/1708\/revisions\/5906"}],"up":[{"embeddable":true,"href":"https:\/\/acslfm.org\/fr\/wp-json\/wp\/v2\/pages\/1697"}],"wp:attachment":[{"href":"https:\/\/acslfm.org\/fr\/wp-json\/wp\/v2\/media?parent=1708"}],"curies":[{"name":"wp","href":"https:\/\/api.w.org\/{rel}","templated":true}]}}