{"id":1701,"date":"2017-04-05T11:22:35","date_gmt":"2017-04-05T11:22:35","guid":{"rendered":"https:\/\/acslfm.org\/bajas-y-cambios\/"},"modified":"2025-07-04T16:07:22","modified_gmt":"2025-07-04T14:07:22","slug":"bajas-y-cambios","status":"publish","type":"page","link":"https:\/\/acslfm.org\/fr\/sobre-nosotros\/bajas-y-cambios\/","title":{"rendered":"Annulations et changements"},"content":{"rendered":"<p>[et_pb_section fb_built=\u00a0\u00bb1&Prime; admin_label=\u00a0\u00bbsection\u00a0\u00bb _builder_version=\u00a0\u00bb4.16&Prime; global_colors_info=\u00a0\u00bb{}\u00a0\u00bb][et_pb_row _builder_version=\u00a0\u00bb4.16&Prime; background_size=\u00a0\u00bbinitial\u00a0\u00bb background_position=\u00a0\u00bbtop_left\u00a0\u00bb background_repeat=\u00a0\u00bbrepeat\u00a0\u00bb custom_margin=\u00a0\u00bb0px|||\u00a0\u00bb custom_margin_tablet=\u00a0\u00bb\u00a0\u00bb custom_margin_phone=\u00a0\u00bb\u00a0\u00bb custom_margin_last_edited=\u00a0\u00bbon|phone\u00a0\u00bb make_fullwidth=\u00a0\u00bboff\u00a0\u00bb use_custom_width=\u00a0\u00bboff\u00a0\u00bb width_unit=\u00a0\u00bbon\u00a0\u00bb global_colors_info=\u00a0\u00bb{}\u00a0\u00bb][et_pb_column type=\u00a0\u00bb4_4&Prime; _builder_version=\u00a0\u00bb4.16&Prime; custom_padding=\u00a0\u00bb|||\u00a0\u00bb global_colors_info=\u00a0\u00bb{}\u00a0\u00bb custom_padding__hover=\u00a0\u00bb|||\u00a0\u00bb][et_pb_text _builder_version=\u00a0\u00bb4.27.4&Prime; background_size=\u00a0\u00bbinitial\u00a0\u00bb background_position=\u00a0\u00bbtop_left\u00a0\u00bb background_repeat=\u00a0\u00bbrepeat\u00a0\u00bb hover_enabled=\u00a0\u00bb0&Prime; border_style=\u00a0\u00bbsolid\u00a0\u00bb saved_tabs=\u00a0\u00bball\u00a0\u00bb global_colors_info=\u00a0\u00bb{}\u00a0\u00bb sticky_enabled=\u00a0\u00bb0&Prime;]<\/p>\n<h1>Annulations et changements<\/h1>\n<h2><span style=\"color: #3ca8eb;\">Comment et quand peut-on annuler l&rsquo;inscription d&rsquo;un de nos enfants \u00e0 une activit\u00e9.<\/span><\/h2>\n<h3>Notre p\u00e9riode d&rsquo;essais se r\u00e9alisera pendant la premi\u00e8re semaine d&rsquo;activit\u00e9s (\u00e0 partir du 15 Septembre 2025 pour maternelle et primaire, et du 29 septembre 2025 pour le secondaire) pendant laquelle vous pourrez faire tous les changements n\u00e9cessaires. Ensuite, les conditions pour modifier les inscriptions varient:<\/h3>\n<p>[\/et_pb_text][\/et_pb_column][\/et_pb_row][et_pb_row column_structure=\u00a0\u00bb3_4,1_4&Prime; _builder_version=\u00a0\u00bb4.16&Prime; background_size=\u00a0\u00bbinitial\u00a0\u00bb background_position=\u00a0\u00bbtop_left\u00a0\u00bb background_repeat=\u00a0\u00bbrepeat\u00a0\u00bb global_colors_info=\u00a0\u00bb{}\u00a0\u00bb][et_pb_column type=\u00a0\u00bb3_4&Prime; _builder_version=\u00a0\u00bb4.16&Prime; custom_padding=\u00a0\u00bb|||\u00a0\u00bb global_colors_info=\u00a0\u00bb{}\u00a0\u00bb custom_padding__hover=\u00a0\u00bb|||\u00a0\u00bb][et_pb_text _builder_version=\u00a0\u00bb4.27.4&Prime; hover_enabled=\u00a0\u00bb0&Prime; z_index_tablet=\u00a0\u00bb500&Prime; text_text_shadow_horizontal_length_tablet=\u00a0\u00bb0px\u00a0\u00bb text_text_shadow_vertical_length_tablet=\u00a0\u00bb0px\u00a0\u00bb text_text_shadow_blur_strength_tablet=\u00a0\u00bb1px\u00a0\u00bb link_text_shadow_horizontal_length_tablet=\u00a0\u00bb0px\u00a0\u00bb link_text_shadow_vertical_length_tablet=\u00a0\u00bb0px\u00a0\u00bb link_text_shadow_blur_strength_tablet=\u00a0\u00bb1px\u00a0\u00bb ul_text_shadow_horizontal_length_tablet=\u00a0\u00bb0px\u00a0\u00bb ul_text_shadow_vertical_length_tablet=\u00a0\u00bb0px\u00a0\u00bb ul_text_shadow_blur_strength_tablet=\u00a0\u00bb1px\u00a0\u00bb ol_text_shadow_horizontal_length_tablet=\u00a0\u00bb0px\u00a0\u00bb ol_text_shadow_vertical_length_tablet=\u00a0\u00bb0px\u00a0\u00bb ol_text_shadow_blur_strength_tablet=\u00a0\u00bb1px\u00a0\u00bb quote_text_shadow_horizontal_length_tablet=\u00a0\u00bb0px\u00a0\u00bb quote_text_shadow_vertical_length_tablet=\u00a0\u00bb0px\u00a0\u00bb quote_text_shadow_blur_strength_tablet=\u00a0\u00bb1px\u00a0\u00bb header_text_shadow_horizontal_length_tablet=\u00a0\u00bb0px\u00a0\u00bb header_text_shadow_vertical_length_tablet=\u00a0\u00bb0px\u00a0\u00bb header_text_shadow_blur_strength_tablet=\u00a0\u00bb1px\u00a0\u00bb header_2_text_shadow_horizontal_length_tablet=\u00a0\u00bb0px\u00a0\u00bb header_2_text_shadow_vertical_length_tablet=\u00a0\u00bb0px\u00a0\u00bb header_2_text_shadow_blur_strength_tablet=\u00a0\u00bb1px\u00a0\u00bb header_3_text_shadow_horizontal_length_tablet=\u00a0\u00bb0px\u00a0\u00bb header_3_text_shadow_vertical_length_tablet=\u00a0\u00bb0px\u00a0\u00bb header_3_text_shadow_blur_strength_tablet=\u00a0\u00bb1px\u00a0\u00bb header_4_text_shadow_horizontal_length_tablet=\u00a0\u00bb0px\u00a0\u00bb header_4_text_shadow_vertical_length_tablet=\u00a0\u00bb0px\u00a0\u00bb header_4_text_shadow_blur_strength_tablet=\u00a0\u00bb1px\u00a0\u00bb header_5_text_shadow_horizontal_length_tablet=\u00a0\u00bb0px\u00a0\u00bb header_5_text_shadow_vertical_length_tablet=\u00a0\u00bb0px\u00a0\u00bb header_5_text_shadow_blur_strength_tablet=\u00a0\u00bb1px\u00a0\u00bb header_6_text_shadow_horizontal_length_tablet=\u00a0\u00bb0px\u00a0\u00bb header_6_text_shadow_vertical_length_tablet=\u00a0\u00bb0px\u00a0\u00bb header_6_text_shadow_blur_strength_tablet=\u00a0\u00bb1px\u00a0\u00bb box_shadow_horizontal_tablet=\u00a0\u00bb0px\u00a0\u00bb box_shadow_vertical_tablet=\u00a0\u00bb0px\u00a0\u00bb box_shadow_blur_tablet=\u00a0\u00bb40px\u00a0\u00bb box_shadow_spread_tablet=\u00a0\u00bb0px\u00a0\u00bb global_colors_info=\u00a0\u00bb{}\u00a0\u00bb sticky_enabled=\u00a0\u00bb0&Prime;]<\/p>\n<h4><strong>POLITIQUE D\u2019ABANDON ET DE CHANGEMENT D\u2019ACTIVIT\u00c9 ANN\u00c9E 2025-2026<\/strong><\/h4>\n<p>&nbsp;<\/p>\n<h5>1.- DUR\u00c9E DES ACTIVIT\u00c9S OFFERTES ET DE LA COTIZATION.<\/h5>\n<p>Toutes les activit\u00e9s offertes par l\u2019ACS sont ANNUELLES, c\u2019est \u00e0 dire pendant toute l\u2019ann\u00e9e scolaire (de septembre \u00e0 juin inclus). Toutes les activit\u00e9s sont pr\u00e9par\u00e9es pour toute l\u2019ann\u00e9e scolaire, cela implique que quand la semaine d\u2019essai se termine aucun remboursement ne sera accept\u00e9, ni total ni partiel, sauf en cas de force majeure d\u00e9finie dans cette politique.<\/p>\n<p>Les activit\u00e9s ont des places limit\u00e9es.<\/p>\n<p>&nbsp;<\/p>\n<h5>2.- P\u00c9RIODE D\u2019ESSAI.<\/h5>\n<p>La p\u00e9riode d\u2019essai se r\u00e9alisera pendant les p\u00e9riodes que nous vous d\u00e9taillons :<\/p>\n<ul>\n<li>Du 15 a 21 septembre 2025 pour maternelle, Primaire et Saint Exup\u00e9ry.<\/li>\n<li>Du 29 septembre au 05 octobre 2025 pour le secondaire.<\/li>\n<\/ul>\n<p>Pendant cette p\u00e9riode, tout changement ou annulation devra se faire par mail \u00e0 <a href=\"mailto:info@acslfm.org\">info@acslfm.org<\/a> \u00e0 l\u2019ACS.<\/p>\n<p>Une fois pass\u00e9 ce d\u00e9lai, toute annulation autre que pour cause de force majeure d\u00e9finie dans cette politique plus en avant, ne sera pas rembours\u00e9e et l\u2019activit\u00e9 devra \u00eatre pay\u00e9e dans sa totalit\u00e9.<\/p>\n<p>&nbsp;<\/p>\n<h5>3.- FORCE MAJEURE.<\/h5>\n<p>Les cas de force majeure sont les suivants :<\/p>\n<ul>\n<li>Changement de r\u00e9sidence, en dehors de la Communaut\u00e9 de Madrid, des deux prog\u00e9niteurs, tuteurs l\u00e9gaux ou de la personne en charge l\u00e9galement du mineur.<\/li>\n<li>Changement de centre Scolaire.<\/li>\n<li>Blessure ou maladie qui emp\u00eache la pratique de l\u2019activit\u00e9 pendant une p\u00e9riode de deux mois cons\u00e9cutifs.<\/li>\n<li>Probl\u00e8me \u00e9conomique justifi\u00e9.<\/li>\n<\/ul>\n<p>Dans un des cas expos\u00e9s, il faudra envoy\u00e9 par \u00e9crit \u00e0 <a href=\"mailto:juntadirectiva@acslfm.org\">juntadirectiva@acslfm.org<\/a> les motifs concrets et les documents justificatifs et demander l\u2019annulation. L\u2019ACS devra donner une r\u00e9ponse dans les 7 jours naturels depuis sa pr\u00e9sentation.<\/p>\n<p>Le montant \u00e0 rembourser, le cas \u00e9ch\u00e9ant, sera compris depuis la date de pr\u00e9sentation de la demande d\u2019annulation \u00e0 la fin de l\u2019activit\u00e9 (juin).<\/p>\n<p>Le montant des licences f\u00e9d\u00e9ratives, mat\u00e9riel et\/ou les inscriptions en comp\u00e9titions ne seront pas rembours\u00e9es. Le montant de la cotisation annuelle de l\u2019ACS ne sera pas rembours\u00e9.<\/p>\n<p>&nbsp;<\/p>\n<h5>4.- NON-PAIEMENT D\u2019ACTIVIT\u00c9.<\/h5>\n<p>En cas de non-paiement d\u2019une activit\u00e9 dans les d\u00e9lais \u00e9tablis \u00e0 cet effet, l\u2019ACS se r\u00e9serve le droit d\u2019annuler l\u2019inscription.<\/p>\n<p>[\/et_pb_text][\/et_pb_column][et_pb_column type=\u00a0\u00bb1_4&Prime; _builder_version=\u00a0\u00bb4.16&Prime; custom_padding=\u00a0\u00bb|||\u00a0\u00bb global_colors_info=\u00a0\u00bb{}\u00a0\u00bb custom_padding__hover=\u00a0\u00bb|||\u00a0\u00bb][\/et_pb_column][\/et_pb_row][\/et_pb_section]<\/p>\n","protected":false},"excerpt":{"rendered":"<p>Annulations et changements Comment et quand peut-on annuler l&rsquo;inscription d&rsquo;un de nos enfants \u00e0 une activit\u00e9. Notre p\u00e9riode d&rsquo;essais se r\u00e9alisera pendant la premi\u00e8re semaine d&rsquo;activit\u00e9s (\u00e0 partir du 15 Septembre 2025 pour maternelle et primaire, et du 29 septembre 2025 pour le secondaire) pendant laquelle vous pourrez faire tous les changements n\u00e9cessaires. Ensuite, les [&hellip;]<\/p>\n","protected":false},"author":1,"featured_media":0,"parent":1711,"menu_order":0,"comment_status":"closed","ping_status":"closed","template":"","meta":{"_et_pb_use_builder":"on","_et_pb_old_content":"","_et_gb_content_width":"","footnotes":""},"class_list":["post-1701","page","type-page","status-publish","hentry"],"yoast_head":"<!-- This site is optimized with the Yoast SEO plugin v26.4 - https:\/\/yoast.com\/wordpress\/plugins\/seo\/ -->\n<title>Annulations et changements - ACS Liceo<\/title>\n<meta name=\"description\" content=\"Comment et quand peut-on annuler l&#039;inscription d&#039;un de nos enfants \u00e0 une activit\u00e9.\" \/>\n<meta name=\"robots\" content=\"index, follow, max-snippet:-1, max-image-preview:large, max-video-preview:-1\" \/>\n<link rel=\"canonical\" href=\"https:\/\/acslfm.org\/fr\/sobre-nosotros\/bajas-y-cambios\/\" \/>\n<meta property=\"og:locale\" content=\"fr_FR\" \/>\n<meta property=\"og:type\" content=\"article\" \/>\n<meta property=\"og:title\" content=\"Annulations et changements - ACS Liceo\" \/>\n<meta property=\"og:description\" content=\"Comment et quand peut-on annuler l&#039;inscription d&#039;un de nos enfants \u00e0 une activit\u00e9.\" \/>\n<meta property=\"og:url\" content=\"https:\/\/acslfm.org\/fr\/sobre-nosotros\/bajas-y-cambios\/\" \/>\n<meta property=\"og:site_name\" content=\"Asociaci\u00f3n Cultural y Deportiva del Liceo Franc\u00e9s de Madrid\" \/>\n<meta property=\"article:modified_time\" content=\"2025-07-04T14:07:22+00:00\" \/>\n<meta name=\"twitter:card\" content=\"summary_large_image\" \/>\n<meta name=\"twitter:label1\" content=\"Dur\u00e9e de lecture estim\u00e9e\" \/>\n\t<meta name=\"twitter:data1\" content=\"2 minutes\" \/>\n<script type=\"application\/ld+json\" class=\"yoast-schema-graph\">{\"@context\":\"https:\/\/schema.org\",\"@graph\":[{\"@type\":\"WebPage\",\"@id\":\"https:\/\/acslfm.org\/fr\/sobre-nosotros\/bajas-y-cambios\/\",\"url\":\"https:\/\/acslfm.org\/fr\/sobre-nosotros\/bajas-y-cambios\/\",\"name\":\"Annulations et changements - ACS Liceo\",\"isPartOf\":{\"@id\":\"https:\/\/acslfm.org\/#website\"},\"datePublished\":\"2017-04-05T11:22:35+00:00\",\"dateModified\":\"2025-07-04T14:07:22+00:00\",\"description\":\"Comment et quand peut-on annuler l'inscription d'un de nos enfants \u00e0 une activit\u00e9.\",\"breadcrumb\":{\"@id\":\"https:\/\/acslfm.org\/fr\/sobre-nosotros\/bajas-y-cambios\/#breadcrumb\"},\"inLanguage\":\"fr-FR\",\"potentialAction\":[{\"@type\":\"ReadAction\",\"target\":[\"https:\/\/acslfm.org\/fr\/sobre-nosotros\/bajas-y-cambios\/\"]}]},{\"@type\":\"BreadcrumbList\",\"@id\":\"https:\/\/acslfm.org\/fr\/sobre-nosotros\/bajas-y-cambios\/#breadcrumb\",\"itemListElement\":[{\"@type\":\"ListItem\",\"position\":1,\"name\":\"Portada\",\"item\":\"https:\/\/acslfm.org\/fr\/\"},{\"@type\":\"ListItem\",\"position\":2,\"name\":\"Qui sommes-nous?\",\"item\":\"https:\/\/acslfm.org\/fr\/sobre-nosotros\/\"},{\"@type\":\"ListItem\",\"position\":3,\"name\":\"Annulations et changements\"}]},{\"@type\":\"WebSite\",\"@id\":\"https:\/\/acslfm.org\/#website\",\"url\":\"https:\/\/acslfm.org\/\",\"name\":\"Asociaci\u00f3n Cultural y Deportiva del Liceo Franc\u00e9s de Madrid\",\"description\":\"Actividades y servicios para padres de alumnos del Liceo Franc\u00e9s\",\"potentialAction\":[{\"@type\":\"SearchAction\",\"target\":{\"@type\":\"EntryPoint\",\"urlTemplate\":\"https:\/\/acslfm.org\/?s={search_term_string}\"},\"query-input\":{\"@type\":\"PropertyValueSpecification\",\"valueRequired\":true,\"valueName\":\"search_term_string\"}}],\"inLanguage\":\"fr-FR\"}]}<\/script>\n<!-- \/ Yoast SEO plugin. -->","yoast_head_json":{"title":"Annulations et changements - ACS Liceo","description":"Comment et quand peut-on annuler l'inscription d'un de nos enfants \u00e0 une activit\u00e9.","robots":{"index":"index","follow":"follow","max-snippet":"max-snippet:-1","max-image-preview":"max-image-preview:large","max-video-preview":"max-video-preview:-1"},"canonical":"https:\/\/acslfm.org\/fr\/sobre-nosotros\/bajas-y-cambios\/","og_locale":"fr_FR","og_type":"article","og_title":"Annulations et changements - ACS Liceo","og_description":"Comment et quand peut-on annuler l'inscription d'un de nos enfants \u00e0 une activit\u00e9.","og_url":"https:\/\/acslfm.org\/fr\/sobre-nosotros\/bajas-y-cambios\/","og_site_name":"Asociaci\u00f3n Cultural y Deportiva del Liceo Franc\u00e9s de Madrid","article_modified_time":"2025-07-04T14:07:22+00:00","twitter_card":"summary_large_image","twitter_misc":{"Dur\u00e9e de lecture estim\u00e9e":"2 minutes"},"schema":{"@context":"https:\/\/schema.org","@graph":[{"@type":"WebPage","@id":"https:\/\/acslfm.org\/fr\/sobre-nosotros\/bajas-y-cambios\/","url":"https:\/\/acslfm.org\/fr\/sobre-nosotros\/bajas-y-cambios\/","name":"Annulations et changements - ACS Liceo","isPartOf":{"@id":"https:\/\/acslfm.org\/#website"},"datePublished":"2017-04-05T11:22:35+00:00","dateModified":"2025-07-04T14:07:22+00:00","description":"Comment et quand peut-on annuler l'inscription d'un de nos enfants \u00e0 une activit\u00e9.","breadcrumb":{"@id":"https:\/\/acslfm.org\/fr\/sobre-nosotros\/bajas-y-cambios\/#breadcrumb"},"inLanguage":"fr-FR","potentialAction":[{"@type":"ReadAction","target":["https:\/\/acslfm.org\/fr\/sobre-nosotros\/bajas-y-cambios\/"]}]},{"@type":"BreadcrumbList","@id":"https:\/\/acslfm.org\/fr\/sobre-nosotros\/bajas-y-cambios\/#breadcrumb","itemListElement":[{"@type":"ListItem","position":1,"name":"Portada","item":"https:\/\/acslfm.org\/fr\/"},{"@type":"ListItem","position":2,"name":"Qui sommes-nous?","item":"https:\/\/acslfm.org\/fr\/sobre-nosotros\/"},{"@type":"ListItem","position":3,"name":"Annulations et changements"}]},{"@type":"WebSite","@id":"https:\/\/acslfm.org\/#website","url":"https:\/\/acslfm.org\/","name":"Asociaci\u00f3n Cultural y Deportiva del Liceo Franc\u00e9s de Madrid","description":"Actividades y servicios para padres de alumnos del Liceo Franc\u00e9s","potentialAction":[{"@type":"SearchAction","target":{"@type":"EntryPoint","urlTemplate":"https:\/\/acslfm.org\/?s={search_term_string}"},"query-input":{"@type":"PropertyValueSpecification","valueRequired":true,"valueName":"search_term_string"}}],"inLanguage":"fr-FR"}]}},"_links":{"self":[{"href":"https:\/\/acslfm.org\/fr\/wp-json\/wp\/v2\/pages\/1701","targetHints":{"allow":["GET"]}}],"collection":[{"href":"https:\/\/acslfm.org\/fr\/wp-json\/wp\/v2\/pages"}],"about":[{"href":"https:\/\/acslfm.org\/fr\/wp-json\/wp\/v2\/types\/page"}],"author":[{"embeddable":true,"href":"https:\/\/acslfm.org\/fr\/wp-json\/wp\/v2\/users\/1"}],"replies":[{"embeddable":true,"href":"https:\/\/acslfm.org\/fr\/wp-json\/wp\/v2\/comments?post=1701"}],"version-history":[{"count":15,"href":"https:\/\/acslfm.org\/fr\/wp-json\/wp\/v2\/pages\/1701\/revisions"}],"predecessor-version":[{"id":9787,"href":"https:\/\/acslfm.org\/fr\/wp-json\/wp\/v2\/pages\/1701\/revisions\/9787"}],"up":[{"embeddable":true,"href":"https:\/\/acslfm.org\/fr\/wp-json\/wp\/v2\/pages\/1711"}],"wp:attachment":[{"href":"https:\/\/acslfm.org\/fr\/wp-json\/wp\/v2\/media?parent=1701"}],"curies":[{"name":"wp","href":"https:\/\/api.w.org\/{rel}","templated":true}]}}